{"id":2,"date":"2014-07-28T13:31:21","date_gmt":"2014-07-28T13:31:21","guid":{"rendered":"http:\/\/www.subponent.com\/?page_id=2"},"modified":"2019-02-27T17:30:25","modified_gmt":"2019-02-27T17:30:25","slug":"pagina-ejemplo","status":"publish","type":"page","link":"https:\/\/www.subponent.com\/","title":{"rendered":"Empresa"},"content":{"rendered":"<p><span style=\"color: #000000;\">SUB PONENT S.L. neix al desembre de 2000 de la m\u00e0 d&#8217;un equip de professionals amb una dilatada experi\u00e8ncia en instal\u00b7lacions d&#8217;aire comprimit i serveis a la ind\u00fastria.<\/span><br style=\"color: #000000;\" \/><br style=\"color: #000000;\" \/><span style=\"color: #000000;\">Aquests coneixements t\u00e8cnics en pneum\u00e0tica industrial, aire comprimit, control de processos i automatismes i prevenci\u00f3 de riscos laborals van permetre crear una empresa que responia a la demanda d&#8217;un seguit de productes i serveis que fins aleshores no oferia ning\u00fa en l&#8217;\u00e0mbit geogr\u00e0fic de Lleida i comarques.<\/span><\/p>\n<p><span style=\"color: #000000;\">A SUB PONENT oferim instal\u00b7lacions d&#8217;aire comprimit claus en m\u00e0, equips i sistemes que milloren el rendiment i la seguretat.<\/span><br style=\"color: #000000;\" \/><br style=\"color: #000000;\" \/><span style=\"color: #000000;\">Distribu\u00efm primeres marques en exclusiva: <strong>GasN2 &#8211; <\/strong><strong>Compair &#8211; Beko &#8211; Cejn &#8211; Pneumax &#8211; Wagner &#8211; Teseo &#8211; Nederman &#8211; Handte &#8211; Dynabrade.<\/strong> <\/span><br style=\"color: #000000;\" \/><br style=\"color: #000000;\" \/><span style=\"color: #000000;\">Som instal\u00b7ladors autoritzats d&#8217;aparells a pressi\u00f3 N\u00ba API 33-L<\/span><br style=\"color: #000000;\" \/><br style=\"color: #000000;\" \/><span style=\"color: #000000;\">Disposem de personal propi q\u00fcalificat i amb experi\u00e8ncia per a fer reparacions, manteniments i muntatges d&#8217;instal\u00b7lacions.<\/span><br style=\"color: #000000;\" \/><br style=\"color: #000000;\" \/><span style=\"color: #000000;\">El nostre objectiu \u00e9s oferir cada dia millor servei.<\/span><br style=\"color: #000000;\" \/><br style=\"color: #000000;\" \/><span style=\"color: #000000;\">A SUB PONENT trobareu solucions, atenci\u00f3 i assessorament t\u00e8cnic.<\/span><\/p>\n\n\n<div class=\"wp-block-file\"><a href=\"https:\/\/www.subponent.com\/wp-content\/uploads\/2019\/02\/D\u00edptic-Sub-Ponent.pdf\" target=\"_blank\" rel=\"noreferrer noopener\">D\u00edptic Sub Ponent<\/a><a href=\"https:\/\/www.subponent.com\/wp-content\/uploads\/2019\/02\/D\u00edptic-Sub-Ponent.pdf\" class=\"wp-block-file__button\" download>Descargar<\/a><\/div>\n","protected":false},"excerpt":{"rendered":"<p>SUB PONENT S.L. neix al desembre de 2000 de la m\u00e0 d&#8217;un equip de professionals amb una dilatada experi\u00e8ncia en instal\u00b7lacions d&#8217;aire comprimit i serveis a la ind\u00fastria.Aquests coneixements t\u00e8cnics en pneum\u00e0tica industrial, aire comprimit, control de processos i automatismes i prevenci\u00f3 de riscos laborals van permetre crear una empresa que responia a la demanda&hellip; <a href=\"https:\/\/www.subponent.com\/\" class=\"more-link\">Seguir leyendo <span class=\"screen-reader-text\">Empresa<\/span><\/a><\/p>\n","protected":false},"author":1,"featured_media":0,"parent":0,"menu_order":0,"comment_status":"closed","ping_status":"closed","template":"","meta":{"footnotes":""},"class_list":["post-2","page","type-page","status-publish","hentry","without-featured-image"],"_links":{"self":[{"href":"https:\/\/www.subponent.com\/index.php\/wp-json\/wp\/v2\/pages\/2"}],"collection":[{"href":"https:\/\/www.subponent.com\/index.php\/wp-json\/wp\/v2\/pages"}],"about":[{"href":"https:\/\/www.subponent.com\/index.php\/wp-json\/wp\/v2\/types\/page"}],"author":[{"embeddable":true,"href":"https:\/\/www.subponent.com\/index.php\/wp-json\/wp\/v2\/users\/1"}],"replies":[{"embeddable":true,"href":"https:\/\/www.subponent.com\/index.php\/wp-json\/wp\/v2\/comments?post=2"}],"version-history":[{"count":9,"href":"https:\/\/www.subponent.com\/index.php\/wp-json\/wp\/v2\/pages\/2\/revisions"}],"predecessor-version":[{"id":562,"href":"https:\/\/www.subponent.com\/index.php\/wp-json\/wp\/v2\/pages\/2\/revisions\/562"}],"wp:attachment":[{"href":"https:\/\/www.subponent.com\/index.php\/wp-json\/wp\/v2\/media?parent=2"}],"curies":[{"name":"wp","href":"https:\/\/api.w.org\/{rel}","templated":true}]}}