{"id":31,"date":"2014-07-28T15:45:59","date_gmt":"2014-07-28T15:45:59","guid":{"rendered":"http:\/\/www.subponent.com\/?page_id=31"},"modified":"2019-02-18T12:14:29","modified_gmt":"2019-02-18T12:14:29","slug":"sistema-per-la-distribucio-de-fluids-amb-canonada-dalumnini","status":"publish","type":"page","link":"https:\/\/www.subponent.com\/index.php\/sistema-per-la-distribucio-de-fluids-amb-canonada-dalumnini\/","title":{"rendered":"Sistema per la distribuci\u00f3 de flu\u00efds amb canonada d&#8217;alumnini &#8211; TESEO &#8211; ALUMINI BLAU I INOX PREMSAT"},"content":{"rendered":"<h2 style=\"text-align: left;\"><span style=\"color: #000000;\">HBS<\/span><\/h2>\n<p><strong style=\"color: #000000;\">HBS<\/strong><span style=\"color: #000000;\">&nbsp;\u00e9s un siste<img loading=\"lazy\" decoding=\"async\" class=\"size-full wp-image-139 alignleft\" src=\"https:\/\/www.subponent.com\/wp-content\/uploads\/2014\/07\/3a.jpg\" alt=\"3a\" width=\"146\" height=\"191\">ma modular per a la distribuci\u00f3 d&#8217;aire comprimit, buit, oli i altres fluids de fins a 15 bar de pressi\u00f3.&nbsp;<\/span><strong style=\"color: #000000;\">HBS<\/strong><span style=\"color: #000000;\">&nbsp;\u00e9s la canonada d&#8217;alumini la gamma del qual \u00e9s la m\u00e9s \u00e0mplia disponible en el mercat: des de 1&#8243; fins a 4&#8243; (<\/span><strong style=\"color: #000000;\">HBS 110<\/strong><span style=\"color: #000000;\">) de di\u00e0metre. La possibilitat d&#8217;afegir punts d&#8217;extracci\u00f3 del fluid transportat en pocs minuts, la lleugeresa i la rapidesa d&#8217;instal\u00b7laci\u00f3 nom\u00e9s s\u00f3n algunes dels avantatges respecte a les tecnologies tradicionals.<\/span><\/p>\n<p>&nbsp;<\/p>\n<p>&nbsp;<\/p>\n<hr>\n<p>&nbsp;<\/p>\n<h2 style=\"text-align: left;\"><span style=\"color: #000000;\">AP<\/span><\/h2>\n<p><span style=\"color: #000000;\">AP \u00e9s un siste<img loading=\"lazy\" decoding=\"async\" class=\"size-full wp-image-140 alignleft\" src=\"https:\/\/www.subponent.com\/wp-content\/uploads\/2014\/07\/3b.jpg\" alt=\"3b\" width=\"146\" height=\"191\">ma modular de distribuci\u00f3 de fluids sota pressi\u00f3, fins a 15 bar, disponible en els di\u00e0metres&nbsp;20 i 25 mm (di\u00e0metre intern \u00fatil). Una instal\u00b7laci\u00f3 realitzada amb<\/span><strong style=\"color: #000000;\">AP<\/strong><span style=\"color: #000000;\">&nbsp;pot conduir aire comprimit<br \/>\n, buit, oli sint\u00e8tic i mineral, nitrogen, gas inert i aigua. Entre els seus avantatges principals es troba la rapidesa de muntatge, la seva perfecta estanque\u00eftat, la facilitat i rapidesa de modificaci\u00f3 de la xarxa instal\u00b7lada, l&#8217;abs\u00e8ncia de corrosi\u00f3 i lleugeresa.<\/span><\/p>\n<p>&nbsp;<\/p>\n<p>&nbsp;<\/p>\n<hr>\n<p>&nbsp;<\/p>\n<h2 style=\"text-align: left;\"><span style=\"color: #000000;\">ATS<\/span><\/h2>\n<p><span style=\"color: #000000;\"><img loading=\"lazy\" decoding=\"async\" class=\"size-full wp-image-141 alignleft\" src=\"https:\/\/www.subponent.com\/wp-content\/uploads\/2014\/07\/3c.jpg\" alt=\"3c\" width=\"146\" height=\"191\">La vagoneta lliscant sobre carril&nbsp;<\/span><strong style=\"color: #000000;\">ATS<\/strong><span style=\"color: #000000;\">&nbsp;pot alimentar un utensili el\u00e8ctric o pneum\u00e0tic en moviment durant un recorregut m\u00e0xim de 18 metres. \u00e9s la soluci\u00f3 ideal per a aquelles situacions en les quals l&#8217;operari degui despla\u00e7ar-se duent amb si l&#8217;instrument de treball. Redueix el cansament al sostenir l&#8217;utensili i augmenta la seguretat a l&#8217;eliminar del s\u00f2l del taller tubs i espirals d&#8217;alimentaci\u00f3. La pressi\u00f3 de treball \u00e9s de 8 bar i el pes m\u00e0xim aplicable \u00e9s de 50 Kg.<\/span><\/p>\n<p>&nbsp;<\/p>\n<p>&nbsp;<\/p>\n<hr>\n<p>&nbsp;<\/p>\n<h2 style=\"text-align: left;\"><span style=\"color: #000000;\">SAB<\/span><\/h2>\n<p><span style=\"color: #000000;\"><img loading=\"lazy\" decoding=\"async\" class=\"size-full wp-image-142 alignleft\" src=\"https:\/\/www.subponent.com\/wp-content\/uploads\/2014\/07\/3d.jpg\" alt=\"3d\" width=\"146\" height=\"191\">El bra\u00e7 giratori&nbsp;<\/span><strong style=\"color: #000000;\">SAB<\/strong><span style=\"color: #000000;\">&nbsp;est\u00e0 disponible de paret i de banc. Pot arribar a fins a 5 metres de longitud i sostenir utensilis pneum\u00e0tics de fins a 20 Kg de pes. SAB redueix la fatiga i millora l&#8217;organitzaci\u00f3 del taller, eliminant els tubs de pl\u00e0stic o goma que solen recolzar-se en el s\u00f2l de l&#8217;\u00e0rea de treball.<\/span><\/p>\n<p>&nbsp;<\/p>\n<p>&nbsp;<\/p>\n<p>&nbsp;<\/p>\n<hr>\n<p>&nbsp;<\/p>\n<h2 style=\"text-align: left;\"><span style=\"color: #000000;\">WBA<\/span><\/h2>\n<p><span style=\"color: #000000;\"><img loading=\"lazy\" decoding=\"async\" class=\"size-full wp-image-143 alignleft\" src=\"https:\/\/www.subponent.com\/wp-content\/uploads\/2014\/07\/3wba.jpg\" alt=\"3wba\" width=\"146\" height=\"191\">El banc&nbsp;<\/span><strong style=\"color: #000000;\">WBA<\/strong><span style=\"color: #000000;\">&nbsp;\u00e9s utilitzat en les \u00e0rees d&#8217;acoblament, en els laboratoris de control i certificaci\u00f3. Est\u00e0 prove\u00eft d&#8217;una vagoneta&nbsp;<\/span><strong style=\"color: #000000;\">ATS<\/strong><span style=\"color: #000000;\">, tant en la versi\u00f3 el\u00e8ctrica com en aquella electro-pneum\u00e0tica, de 1,5 a 2 metres de recorregut \u00fatil.<\/span><\/p>\n<p>&nbsp;<\/p>\n<p>&nbsp;<\/p>\n","protected":false},"excerpt":{"rendered":"<p>HBS HBS&nbsp;\u00e9s un sistema modular per a la distribuci\u00f3 d&#8217;aire comprimit, buit, oli i altres fluids de fins a 15 bar de pressi\u00f3.&nbsp;HBS&nbsp;\u00e9s la canonada d&#8217;alumini la gamma del qual \u00e9s la m\u00e9s \u00e0mplia disponible en el mercat: des de 1&#8243; fins a 4&#8243; (HBS 110) de di\u00e0metre. La possibilitat d&#8217;afegir punts d&#8217;extracci\u00f3 del fluid&hellip; <a href=\"https:\/\/www.subponent.com\/index.php\/sistema-per-la-distribucio-de-fluids-amb-canonada-dalumnini\/\" class=\"more-link\">Seguir leyendo <span class=\"screen-reader-text\">Sistema per la distribuci\u00f3 de flu\u00efds amb canonada d&#8217;alumnini &#8211; TESEO &#8211; ALUMINI BLAU I INOX PREMSAT<\/span><\/a><\/p>\n","protected":false},"author":1,"featured_media":0,"parent":0,"menu_order":0,"comment_status":"closed","ping_status":"closed","template":"","meta":{"footnotes":""},"class_list":["post-31","page","type-page","status-publish","hentry","without-featured-image"],"_links":{"self":[{"href":"https:\/\/www.subponent.com\/index.php\/wp-json\/wp\/v2\/pages\/31"}],"collection":[{"href":"https:\/\/www.subponent.com\/index.php\/wp-json\/wp\/v2\/pages"}],"about":[{"href":"https:\/\/www.subponent.com\/index.php\/wp-json\/wp\/v2\/types\/page"}],"author":[{"embeddable":true,"href":"https:\/\/www.subponent.com\/index.php\/wp-json\/wp\/v2\/users\/1"}],"replies":[{"embeddable":true,"href":"https:\/\/www.subponent.com\/index.php\/wp-json\/wp\/v2\/comments?post=31"}],"version-history":[{"count":10,"href":"https:\/\/www.subponent.com\/index.php\/wp-json\/wp\/v2\/pages\/31\/revisions"}],"predecessor-version":[{"id":538,"href":"https:\/\/www.subponent.com\/index.php\/wp-json\/wp\/v2\/pages\/31\/revisions\/538"}],"wp:attachment":[{"href":"https:\/\/www.subponent.com\/index.php\/wp-json\/wp\/v2\/media?parent=31"}],"curies":[{"name":"wp","href":"https:\/\/api.w.org\/{rel}","templated":true}]}}