{"id":37,"date":"2014-07-28T15:52:59","date_gmt":"2014-07-28T15:52:59","guid":{"rendered":"http:\/\/www.subponent.com\/?page_id=37"},"modified":"2019-02-14T11:45:15","modified_gmt":"2019-02-14T11:45:15","slug":"components-per-lautomatitzacio-pneumatica","status":"publish","type":"page","link":"https:\/\/www.subponent.com\/index.php\/components-per-lautomatitzacio-pneumatica\/","title":{"rendered":"Components per l&#8217;automatitzaci\u00f3 pneum\u00e0tica &#8211; PNEUMAX"},"content":{"rendered":"<h2><span style=\"color: #000000;\"><br \/>\n<strong>V\u00e0lvules<\/strong><\/span><\/h2>\n<p><span style=\"color: #000000;\"><img loading=\"lazy\" decoding=\"async\" class=\"alignleft size-full wp-image-189\" src=\"https:\/\/www.subponent.com\/wp-content\/uploads\/2014\/07\/automatizacio.jpg\" alt=\"automatizacio\" width=\"150\" height=\"205\">Microv\u00e0lvules&nbsp;<\/span><br style=\"color: #000000;\"><span style=\"color: #000000;\">V\u00e0lvules&nbsp;<\/span><br style=\"color: #000000;\"><span style=\"color: #000000;\">G1\/2&#8243; G1&#8243; V\u00e0lvules d&#8217;obturador&nbsp;<\/span><br style=\"color: #000000;\"><span style=\"color: #000000;\">Accessoris&nbsp;<\/span><br style=\"color: #000000;\"><span style=\"color: #000000;\">V\u00e0lvules complement\u00e0ries<\/span><\/p>\n<p>&nbsp;<\/p>\n<p>&nbsp;<\/p>\n<p>&nbsp;<\/p>\n<hr>\n<h2><strong><span style=\"color: #000000;\">Electrov\u00e0lvules<\/span><\/strong><\/h2>\n<p><span style=\"color: #000000;\"><a href=\"https:\/\/www.subponent.com\/wp-content\/uploads\/2014\/07\/b2.jpg\"><img loading=\"lazy\" decoding=\"async\" class=\"alignleft size-full wp-image-190\" src=\"https:\/\/www.subponent.com\/wp-content\/uploads\/2014\/07\/b2.jpg\" alt=\"b\" width=\"150\" height=\"205\"><\/a>Electrov\u00e0lvules de comandament directe&nbsp;<\/span><br style=\"color: #000000;\"><span style=\"color: #000000;\">V\u00e0lvules de comandament pneum\u00e0tic&nbsp;<\/span><br style=\"color: #000000;\"><span style=\"color: #000000;\">Electrov\u00e0lvules V\u00e0lvules i electrov\u00e0lvules d&#8217;obturador&nbsp;<\/span><br style=\"color: #000000;\"><span style=\"color: #000000;\">V\u00e0lvules i electrov\u00e0lvules per a aire comprimit i buit&nbsp;<\/span><br style=\"color: #000000;\"><span style=\"color: #000000;\">Distribu\u00efdors i electrodistribu\u00efdors<\/span><br style=\"color: #000000;\"><span style=\"color: #000000;\">Distribu\u00efdors i electrodistribu\u00efdors ISO 5599\/1&nbsp;<\/span><br style=\"color: #000000;\"><span style=\"color: #000000;\">Distribu\u00efdors i electrodistribu\u00efdors LINE-FLAT-VDMA<\/span><\/p>\n<p>&nbsp;<\/p>\n<p>&nbsp;<\/p>\n<hr>\n<p>&nbsp;<\/p>\n<h2><strong><span style=\"color: #000000;\">Tractament d&#8217;aire<\/span><\/strong><\/h2>\n<p><span style=\"color: #000000;\"><a href=\"https:\/\/www.subponent.com\/wp-content\/uploads\/2014\/07\/c2.jpg\"><img loading=\"lazy\" decoding=\"async\" class=\"alignleft size-full wp-image-191\" src=\"https:\/\/www.subponent.com\/wp-content\/uploads\/2014\/07\/c2.jpg\" alt=\"c\" width=\"150\" height=\"205\"><\/a>Filtres&nbsp;<\/span><br style=\"color: #000000;\"><span style=\"color: #000000;\">Filtres depuradors&nbsp;<\/span><br style=\"color: #000000;\"><span style=\"color: #000000;\">Reductors de pressi\u00f3&nbsp;<\/span><br style=\"color: #000000;\"><span style=\"color: #000000;\">Reductors de pressi\u00f3 amb relieving d&#8217;alt caudal&nbsp;<\/span><br style=\"color: #000000;\"><span style=\"color: #000000;\">Reductors de pressi\u00f3 amb man\u00f2metre al pom&nbsp;<\/span><br style=\"color: #000000;\"><span style=\"color: #000000;\">Lubricadors&nbsp;<\/span><br style=\"color: #000000;\"><span style=\"color: #000000;\">Filtres-Reductors de pressi\u00f3&nbsp;<\/span><br style=\"color: #000000;\"><span style=\"color: #000000;\">Arranc progressiu&nbsp;<\/span><br style=\"color: #000000;\"><span style=\"color: #000000;\">V\u00e0lvula de tancament&nbsp;<\/span><br style=\"color: #000000;\"><span style=\"color: #000000;\">Filtre+Reductor+Lubricador&nbsp;<\/span><br style=\"color: #000000;\"><span style=\"color: #000000;\">Presostats&nbsp;<\/span><br style=\"color: #000000;\"><span style=\"color: #000000;\">Accessoris&nbsp;<\/span><br style=\"color: #000000;\"><span style=\"color: #000000;\">Multiplicadors de pressi\u00f3<\/span><\/p>\n<p>&nbsp;<\/p>\n<hr>\n<h2><strong><span style=\"color: #000000;\">Cilindres<\/span><\/strong><\/h2>\n<p><span style=\"color: #000000;\"><a href=\"https:\/\/www.subponent.com\/wp-content\/uploads\/2014\/07\/d1.jpg\"><img loading=\"lazy\" decoding=\"async\" class=\"alignleft size-full wp-image-185\" src=\"https:\/\/www.subponent.com\/wp-content\/uploads\/2014\/07\/d1.jpg\" alt=\"d\" width=\"150\" height=\"205\"><\/a>Microcilindres&nbsp;<\/span><br style=\"color: #000000;\"><span style=\"color: #000000;\">Cilindres s\u00e8rie lleugera CNOMO-CETOP-ISO, cilindre motor<\/span><br style=\"color: #000000;\"><span style=\"color: #000000;\">Cilindres s\u00e8rie pesada CNOMO-CETOP-ISO&nbsp;<\/span><br style=\"color: #000000;\"><span style=\"color: #000000;\">Cilindres norma ISO 6431 &#8211; VDMA 24562 (amb tub perfilat)&nbsp;<\/span><br style=\"color: #000000;\"><span style=\"color: #000000;\">Cilindres antigiratori (amb tub perfilat)&nbsp;<\/span><br style=\"color: #000000;\"><span style=\"color: #000000;\">Cilindres de plan\u00e7\u00f3 bess\u00f3 (amb tub perfilat)&nbsp;<\/span><br style=\"color: #000000;\"><span style=\"color: #000000;\">Cilindres de gir (amb tub perfilat)&nbsp;<\/span><br style=\"color: #000000;\"><span style=\"color: #000000;\">Reguladors hidr\u00e0ulics de velocitat&nbsp;<\/span><br style=\"color: #000000;\"><span style=\"color: #000000;\">Cilindres compactes de cursa curta&nbsp;<\/span><br style=\"color: #000000;\"><span style=\"color: #000000;\">Cilindres compactes \u00abEurope\u00bb&nbsp;<\/span><br style=\"color: #000000;\"><span style=\"color: #000000;\">Cilindres sense plan\u00e7\u00f3&nbsp;<\/span><br style=\"color: #000000;\"><span style=\"color: #000000;\">Cilindres de cable Sensors<\/span><\/p>\n<p>&nbsp;<\/p>\n<hr>\n<h2><strong><span style=\"color: #000000;\">Manipulaci\u00f3<\/span><\/strong><\/h2>\n<p><span style=\"color: #000000;\"><a href=\"https:\/\/www.subponent.com\/wp-content\/uploads\/2014\/07\/e.jpg\"><img loading=\"lazy\" decoding=\"async\" class=\"alignleft size-full wp-image-186\" src=\"https:\/\/www.subponent.com\/wp-content\/uploads\/2014\/07\/e.jpg\" alt=\"e\" width=\"150\" height=\"205\"><\/a>Cilindres compacte guiat&nbsp;<\/span><br style=\"color: #000000;\"><span style=\"color: #000000;\">Unitats lineals&nbsp;<\/span><br style=\"color: #000000;\"><span style=\"color: #000000;\">Unitats lineals passants&nbsp;<\/span><br style=\"color: #000000;\"><span style=\"color: #000000;\">Pinces pneum\u00e0tiques&nbsp;<\/span><br style=\"color: #000000;\"><span style=\"color: #000000;\">Actuadors rotatius<\/span><\/p>\n<p>&nbsp;<\/p>\n","protected":false},"excerpt":{"rendered":"<p>V\u00e0lvules Microv\u00e0lvules&nbsp;V\u00e0lvules&nbsp;G1\/2&#8243; G1&#8243; V\u00e0lvules d&#8217;obturador&nbsp;Accessoris&nbsp;V\u00e0lvules complement\u00e0ries &nbsp; &nbsp; &nbsp; Electrov\u00e0lvules Electrov\u00e0lvules de comandament directe&nbsp;V\u00e0lvules de comandament pneum\u00e0tic&nbsp;Electrov\u00e0lvules V\u00e0lvules i electrov\u00e0lvules d&#8217;obturador&nbsp;V\u00e0lvules i electrov\u00e0lvules per a aire comprimit i buit&nbsp;Distribu\u00efdors i electrodistribu\u00efdorsDistribu\u00efdors i electrodistribu\u00efdors ISO 5599\/1&nbsp;Distribu\u00efdors i electrodistribu\u00efdors LINE-FLAT-VDMA &nbsp; &nbsp; &nbsp; Tractament d&#8217;aire Filtres&nbsp;Filtres depuradors&nbsp;Reductors de pressi\u00f3&nbsp;Reductors de pressi\u00f3 amb relieving d&#8217;alt caudal&nbsp;Reductors de pressi\u00f3&hellip; <a href=\"https:\/\/www.subponent.com\/index.php\/components-per-lautomatitzacio-pneumatica\/\" class=\"more-link\">Seguir leyendo <span class=\"screen-reader-text\">Components per l&#8217;automatitzaci\u00f3 pneum\u00e0tica &#8211; PNEUMAX<\/span><\/a><\/p>\n","protected":false},"author":1,"featured_media":0,"parent":0,"menu_order":0,"comment_status":"closed","ping_status":"closed","template":"","meta":{"footnotes":""},"class_list":["post-37","page","type-page","status-publish","hentry","without-featured-image"],"_links":{"self":[{"href":"https:\/\/www.subponent.com\/index.php\/wp-json\/wp\/v2\/pages\/37"}],"collection":[{"href":"https:\/\/www.subponent.com\/index.php\/wp-json\/wp\/v2\/pages"}],"about":[{"href":"https:\/\/www.subponent.com\/index.php\/wp-json\/wp\/v2\/types\/page"}],"author":[{"embeddable":true,"href":"https:\/\/www.subponent.com\/index.php\/wp-json\/wp\/v2\/users\/1"}],"replies":[{"embeddable":true,"href":"https:\/\/www.subponent.com\/index.php\/wp-json\/wp\/v2\/comments?post=37"}],"version-history":[{"count":5,"href":"https:\/\/www.subponent.com\/index.php\/wp-json\/wp\/v2\/pages\/37\/revisions"}],"predecessor-version":[{"id":286,"href":"https:\/\/www.subponent.com\/index.php\/wp-json\/wp\/v2\/pages\/37\/revisions\/286"}],"wp:attachment":[{"href":"https:\/\/www.subponent.com\/index.php\/wp-json\/wp\/v2\/media?parent=37"}],"curies":[{"name":"wp","href":"https:\/\/api.w.org\/{rel}","templated":true}]}}