{"id":41,"date":"2014-07-28T15:53:33","date_gmt":"2014-07-28T15:53:33","guid":{"rendered":"http:\/\/www.subponent.com\/?page_id=41"},"modified":"2019-02-14T11:45:15","modified_gmt":"2019-02-14T11:45:15","slug":"captacio-de-pols-i-gasos-fums-i-gasos-contaminants","status":"publish","type":"page","link":"https:\/\/www.subponent.com\/index.php\/captacio-de-pols-i-gasos-fums-i-gasos-contaminants\/","title":{"rendered":"Captaci\u00f3 de pols i gasos, fums i gasos contaminants &#8211; NEDERMAN I HANDTE IB\u00c9RICA"},"content":{"rendered":"<h2><strong style=\"color: #000;\"><br \/>\nAspiradors Nederman de la serie N<\/strong><\/h2>\n<p><img loading=\"lazy\" decoding=\"async\" class=\"alignleft size-full wp-image-200\" src=\"https:\/\/www.subponent.com\/wp-content\/uploads\/2014\/07\/1a.jpg\" alt=\"1a\" width=\"146\" height=\"122\"><\/p>\n<p>&nbsp;<\/p>\n<p><span style=\"color: #000000;\">Transportables o adaptables a la resta dels elements Nederman.<\/span><\/p>\n<p>&nbsp;<\/p>\n<p>&nbsp;<\/p>\n<hr>\n<p>&nbsp;<\/p>\n<h2><strong style=\"color: #000000;\">Nederman XL<\/strong><\/h2>\n<p><a href=\"https:\/\/www.subponent.com\/wp-content\/uploads\/2014\/07\/8b.jpg\"><img loading=\"lazy\" decoding=\"async\" class=\"alignleft size-full wp-image-201\" src=\"https:\/\/www.subponent.com\/wp-content\/uploads\/2014\/07\/8b.jpg\" alt=\"8b\" width=\"146\" height=\"170\"><\/a><\/p>\n<p>&nbsp;<\/p>\n<p>Bra\u00e7 original d&#8217;extracci\u00f3 de 200 mm. de di\u00e0metro i longitut de 2-4 metres per a majors caudals.<\/p>\n<p>&nbsp;<\/p>\n<p>&nbsp;<\/p>\n<hr>\n<p>&nbsp;<\/p>\n<h2><strong style=\"color: #000000;\">Nederman Oil Mist Filter &#8211; NOM<\/strong><\/h2>\n<p><span style=\"color: #000000;\"><a href=\"https:\/\/www.subponent.com\/wp-content\/uploads\/2014\/07\/8c.jpg\"><img loading=\"lazy\" decoding=\"async\" class=\"alignleft size-full wp-image-202\" src=\"https:\/\/www.subponent.com\/wp-content\/uploads\/2014\/07\/8c.jpg\" alt=\"8c\" width=\"146\" height=\"170\"><\/a><\/span><\/p>\n<p>&nbsp;<\/p>\n<p><span style=\"color: #000000;\">Filtre mec\u00e0nic fixe per a neblines d&#8217;oli.<\/span><\/p>\n<p>&nbsp;<\/p>\n<p>&nbsp;<\/p>\n<p>&nbsp;<\/p>\n<hr>\n<p>&nbsp;<\/p>\n<h2><strong style=\"color: #000000;\">Nederman E-PACK<\/strong><\/h2>\n<p><span style=\"color: #000000;\"><a href=\"https:\/\/www.subponent.com\/wp-content\/uploads\/2014\/07\/8c.jpg\"><img loading=\"lazy\" decoding=\"async\" class=\"alignleft size-full wp-image-202\" src=\"https:\/\/www.subponent.com\/wp-content\/uploads\/2014\/07\/8c.jpg\" alt=\"8c\" width=\"146\" height=\"170\"><\/a><\/span><\/p>\n<p>&nbsp;<\/p>\n<p><span style=\"color: #000000;\">Unitat d&#8217;alt buit per a extracci\u00f3 i neteja.<\/span><\/p>\n<p>&nbsp;<\/p>\n<p>&nbsp;<\/p>\n<p>&nbsp;<\/p>\n<hr>\n<p>&nbsp;<\/p>\n<h2><strong style=\"color: #000000;\">Extractors per a gasos d&#8217;escapament<\/strong><\/h2>\n<p>&nbsp;<\/p>\n<p><a href=\"https:\/\/www.subponent.com\/wp-content\/uploads\/2014\/07\/8e.jpg\"><img loading=\"lazy\" decoding=\"async\" class=\"alignleft size-full wp-image-204\" src=\"https:\/\/www.subponent.com\/wp-content\/uploads\/2014\/07\/8e.jpg\" alt=\"8e\" width=\"146\" height=\"170\"><\/a><\/p>\n<p>&nbsp;<\/p>\n<p>&nbsp;<\/p>\n<p>&nbsp;<\/p>\n<p>&nbsp;<\/p>\n<p>&nbsp;<\/p>\n<p>&nbsp;<\/p>\n<hr>\n<h2><strong style=\"color: #000000;\">Accessoris<\/strong><\/h2>\n<p><span style=\"color: #000000;\"><a href=\"https:\/\/www.subponent.com\/wp-content\/uploads\/2014\/07\/8f.jpg\"><img loading=\"lazy\" decoding=\"async\" class=\"alignleft size-full wp-image-205\" src=\"https:\/\/www.subponent.com\/wp-content\/uploads\/2014\/07\/8f.jpg\" alt=\"8f\" width=\"146\" height=\"170\"><\/a><\/span><\/p>\n<p><span style=\"color: #000000;\">Convertidors de freq\u00fc\u00e8ncia, control d&#8217;aspiradors, arrancadores d&#8217;aspirador, v\u00e0lvules motoritzades, arrancadores manuals d&#8217;aspirador, etc&#8230;<\/span><\/p>\n","protected":false},"excerpt":{"rendered":"<p>Aspiradors Nederman de la serie N &nbsp; Transportables o adaptables a la resta dels elements Nederman. &nbsp; &nbsp; &nbsp; Nederman XL &nbsp; Bra\u00e7 original d&#8217;extracci\u00f3 de 200 mm. de di\u00e0metro i longitut de 2-4 metres per a majors caudals. &nbsp; &nbsp; &nbsp; Nederman Oil Mist Filter &#8211; NOM &nbsp; Filtre mec\u00e0nic fixe per a neblines&hellip; <a href=\"https:\/\/www.subponent.com\/index.php\/captacio-de-pols-i-gasos-fums-i-gasos-contaminants\/\" class=\"more-link\">Seguir leyendo <span class=\"screen-reader-text\">Captaci\u00f3 de pols i gasos, fums i gasos contaminants &#8211; NEDERMAN I HANDTE IB\u00c9RICA<\/span><\/a><\/p>\n","protected":false},"author":1,"featured_media":0,"parent":0,"menu_order":0,"comment_status":"closed","ping_status":"closed","template":"","meta":{"footnotes":""},"class_list":["post-41","page","type-page","status-publish","hentry","without-featured-image"],"_links":{"self":[{"href":"https:\/\/www.subponent.com\/index.php\/wp-json\/wp\/v2\/pages\/41"}],"collection":[{"href":"https:\/\/www.subponent.com\/index.php\/wp-json\/wp\/v2\/pages"}],"about":[{"href":"https:\/\/www.subponent.com\/index.php\/wp-json\/wp\/v2\/types\/page"}],"author":[{"embeddable":true,"href":"https:\/\/www.subponent.com\/index.php\/wp-json\/wp\/v2\/users\/1"}],"replies":[{"embeddable":true,"href":"https:\/\/www.subponent.com\/index.php\/wp-json\/wp\/v2\/comments?post=41"}],"version-history":[{"count":6,"href":"https:\/\/www.subponent.com\/index.php\/wp-json\/wp\/v2\/pages\/41\/revisions"}],"predecessor-version":[{"id":288,"href":"https:\/\/www.subponent.com\/index.php\/wp-json\/wp\/v2\/pages\/41\/revisions\/288"}],"wp:attachment":[{"href":"https:\/\/www.subponent.com\/index.php\/wp-json\/wp\/v2\/media?parent=41"}],"curies":[{"name":"wp","href":"https:\/\/api.w.org\/{rel}","templated":true}]}}