{"id":43,"date":"2014-07-28T15:53:55","date_gmt":"2014-07-28T15:53:55","guid":{"rendered":"http:\/\/www.subponent.com\/?page_id=43"},"modified":"2019-02-14T11:45:15","modified_gmt":"2019-02-14T11:45:15","slug":"enrotlladors","status":"publish","type":"page","link":"https:\/\/www.subponent.com\/index.php\/enrotlladors\/","title":{"rendered":"Enrotlladors &#8211; NEDERMAN"},"content":{"rendered":"<h2><strong style=\"color: #000000;\"><br \/>\nS\u00e8rie 882<\/strong><\/h2>\n<p><span style=\"color: #000000;\"><img loading=\"lazy\" decoding=\"async\" class=\"alignleft size-full wp-image-209\" src=\"https:\/\/www.subponent.com\/wp-content\/uploads\/2014\/07\/9a.jpg\" alt=\"9a\" width=\"146\" height=\"134\"><\/span><\/p>\n<p>&nbsp;<\/p>\n<p><span style=\"color: #000000;\">Per aire comprimit<\/span><\/p>\n<p>&nbsp;<\/p>\n<p>&nbsp;<\/p>\n<hr>\n<h2><strong style=\"color: #000000;\">S\u00e8rie 870\/876<\/strong><\/h2>\n<p><span style=\"color: #000000;\"><a href=\"https:\/\/www.subponent.com\/wp-content\/uploads\/2014\/07\/9b.jpg\"><img loading=\"lazy\" decoding=\"async\" class=\"alignleft size-full wp-image-210\" src=\"https:\/\/www.subponent.com\/wp-content\/uploads\/2014\/07\/9b.jpg\" alt=\"9b\" width=\"146\" height=\"134\"><\/a><\/span><\/p>\n<p>&nbsp;<\/p>\n<p><span style=\"color: #000000;\">Per a ox\u00edgen-acetil\u00e9 u ox\u00edgen-prop\u00e0<\/span><\/p>\n<p>&nbsp;<\/p>\n<p>&nbsp;<\/p>\n<hr>\n<p>&nbsp;<\/p>\n<h2><strong style=\"color: #000000;\">S\u00e8rie 893<\/strong><\/h2>\n<p><span style=\"color: #000000;\"><a href=\"https:\/\/www.subponent.com\/wp-content\/uploads\/2014\/07\/9c.jpg\"><img loading=\"lazy\" decoding=\"async\" class=\"alignleft size-full wp-image-211\" src=\"https:\/\/www.subponent.com\/wp-content\/uploads\/2014\/07\/9c.jpg\" alt=\"9c\" width=\"146\" height=\"134\"><\/a><\/span><\/p>\n<p>&nbsp;<\/p>\n<p><span style=\"color: #000000;\">Enrotllador obert per aire comprimit, per aigua i oli<\/span><\/p>\n<p>&nbsp;<\/p>\n<p>&nbsp;<\/p>\n<hr>\n<p>&nbsp;<\/p>\n<h2><strong style=\"color: #000000;\">S\u00e8rie 883<\/strong><\/h2>\n<p><span style=\"color: #000000;\"><a href=\"https:\/\/www.subponent.com\/wp-content\/uploads\/2014\/07\/9d.jpg\"><img loading=\"lazy\" decoding=\"async\" class=\"alignleft size-full wp-image-212\" src=\"https:\/\/www.subponent.com\/wp-content\/uploads\/2014\/07\/9d.jpg\" alt=\"9d\" width=\"146\" height=\"134\"><\/a><\/span><\/p>\n<p>&nbsp;<\/p>\n<p><span style=\"color: #000000;\">Enrotllador carenat per aire comprimit, aigua i oli.<\/span><\/p>\n<p>&nbsp;<\/p>\n<p>&nbsp;<\/p>\n<hr>\n<p>&nbsp;<\/p>\n<h2><strong style=\"color: #000000;\">S\u00e8rie de cable s\u00e8rie 782<\/strong><\/h2>\n<p><span style=\"color: #000000;\"><a href=\"https:\/\/www.subponent.com\/wp-content\/uploads\/2014\/07\/9e.jpg\"><img loading=\"lazy\" decoding=\"async\" class=\"alignleft size-full wp-image-213\" src=\"https:\/\/www.subponent.com\/wp-content\/uploads\/2014\/07\/9e.jpg\" alt=\"9e\" width=\"146\" height=\"134\"><\/a><\/span><\/p>\n<p>&nbsp;<\/p>\n<p><span style=\"color: #000000;\">M\u00e0x. 250 V 10A<\/span><\/p>\n<p>&nbsp;<\/p>\n<p>&nbsp;<\/p>\n<p>&nbsp;<\/p>\n","protected":false},"excerpt":{"rendered":"<p>S\u00e8rie 882 &nbsp; Per aire comprimit &nbsp; &nbsp; S\u00e8rie 870\/876 &nbsp; Per a ox\u00edgen-acetil\u00e9 u ox\u00edgen-prop\u00e0 &nbsp; &nbsp; &nbsp; S\u00e8rie 893 &nbsp; Enrotllador obert per aire comprimit, per aigua i oli &nbsp; &nbsp; &nbsp; S\u00e8rie 883 &nbsp; Enrotllador carenat per aire comprimit, aigua i oli. &nbsp; &nbsp; &nbsp; S\u00e8rie de cable s\u00e8rie 782 &nbsp; M\u00e0x.&hellip; <a href=\"https:\/\/www.subponent.com\/index.php\/enrotlladors\/\" class=\"more-link\">Seguir leyendo <span class=\"screen-reader-text\">Enrotlladors &#8211; NEDERMAN<\/span><\/a><\/p>\n","protected":false},"author":1,"featured_media":0,"parent":0,"menu_order":0,"comment_status":"closed","ping_status":"closed","template":"","meta":{"footnotes":""},"class_list":["post-43","page","type-page","status-publish","hentry","without-featured-image"],"_links":{"self":[{"href":"https:\/\/www.subponent.com\/index.php\/wp-json\/wp\/v2\/pages\/43"}],"collection":[{"href":"https:\/\/www.subponent.com\/index.php\/wp-json\/wp\/v2\/pages"}],"about":[{"href":"https:\/\/www.subponent.com\/index.php\/wp-json\/wp\/v2\/types\/page"}],"author":[{"embeddable":true,"href":"https:\/\/www.subponent.com\/index.php\/wp-json\/wp\/v2\/users\/1"}],"replies":[{"embeddable":true,"href":"https:\/\/www.subponent.com\/index.php\/wp-json\/wp\/v2\/comments?post=43"}],"version-history":[{"count":4,"href":"https:\/\/www.subponent.com\/index.php\/wp-json\/wp\/v2\/pages\/43\/revisions"}],"predecessor-version":[{"id":289,"href":"https:\/\/www.subponent.com\/index.php\/wp-json\/wp\/v2\/pages\/43\/revisions\/289"}],"wp:attachment":[{"href":"https:\/\/www.subponent.com\/index.php\/wp-json\/wp\/v2\/media?parent=43"}],"curies":[{"name":"wp","href":"https:\/\/api.w.org\/{rel}","templated":true}]}}