{"id":6,"date":"2014-07-28T14:22:37","date_gmt":"2014-07-28T14:22:37","guid":{"rendered":"http:\/\/www.subponent.com\/?page_id=6"},"modified":"2019-02-14T11:45:15","modified_gmt":"2019-02-14T11:45:15","slug":"serveis","status":"publish","type":"page","link":"https:\/\/www.subponent.com\/index.php\/serveis\/","title":{"rendered":"Serveis"},"content":{"rendered":"<ul>\n<li>Assessorament t\u00e8cnic i venda de material<\/li>\n<li>Aire comprimit claus en m\u00e0<\/li>\n<li>Instal\u00b7laci\u00f3 i muntatge d&#8217;equips industrials<\/li>\n<li>Assessorament i muntage de sistemes de prevenci\u00f3 de riscos laborals<\/li>\n<li>Servei t\u00e8cnic<\/li>\n<li>Control de processos. Gabinet t\u00e8cnic, creaci\u00f3 i instal\u00b7laci\u00f3<\/li>\n<li>Reparaci\u00f3 i manteniment de pneum\u00e0tica industrial<\/li>\n<\/ul>\n","protected":false},"excerpt":{"rendered":"<p>Assessorament t\u00e8cnic i venda de material Aire comprimit claus en m\u00e0 Instal\u00b7laci\u00f3 i muntatge d&#8217;equips industrials Assessorament i muntage de sistemes de prevenci\u00f3 de riscos laborals Servei t\u00e8cnic Control de processos. Gabinet t\u00e8cnic, creaci\u00f3 i instal\u00b7laci\u00f3 Reparaci\u00f3 i manteniment de pneum\u00e0tica industrial<\/p>\n","protected":false},"author":1,"featured_media":0,"parent":0,"menu_order":0,"comment_status":"closed","ping_status":"closed","template":"","meta":{"footnotes":""},"class_list":["post-6","page","type-page","status-publish","hentry","without-featured-image"],"_links":{"self":[{"href":"https:\/\/www.subponent.com\/index.php\/wp-json\/wp\/v2\/pages\/6"}],"collection":[{"href":"https:\/\/www.subponent.com\/index.php\/wp-json\/wp\/v2\/pages"}],"about":[{"href":"https:\/\/www.subponent.com\/index.php\/wp-json\/wp\/v2\/types\/page"}],"author":[{"embeddable":true,"href":"https:\/\/www.subponent.com\/index.php\/wp-json\/wp\/v2\/users\/1"}],"replies":[{"embeddable":true,"href":"https:\/\/www.subponent.com\/index.php\/wp-json\/wp\/v2\/comments?post=6"}],"version-history":[{"count":1,"href":"https:\/\/www.subponent.com\/index.php\/wp-json\/wp\/v2\/pages\/6\/revisions"}],"predecessor-version":[{"id":7,"href":"https:\/\/www.subponent.com\/index.php\/wp-json\/wp\/v2\/pages\/6\/revisions\/7"}],"wp:attachment":[{"href":"https:\/\/www.subponent.com\/index.php\/wp-json\/wp\/v2\/media?parent=6"}],"curies":[{"name":"wp","href":"https:\/\/api.w.org\/{rel}","templated":true}]}}